{"id":2,"date":"2022-03-16T19:55:15","date_gmt":"2022-03-16T19:55:15","guid":{"rendered":"https:\/\/raspi.java4u.ch\/?page_id=2"},"modified":"2022-06-30T16:00:38","modified_gmt":"2022-06-30T16:00:38","slug":"sample-page","status":"publish","type":"page","link":"https:\/\/raspi-4-edu.ch\/?page_id=2","title":{"rendered":"Unterricht"},"content":{"rendered":"\n<p>Unsere Literaturrecherche hat gezeigt, dass ein m\u00f6glichst offener, projektorientierter Unterricht die gr\u00f6ssten Chancen hat, bei den Lernenden intrinsische Motivation zu wecken. Die Lernenden sollen ihrer Kreativit\u00e4t und ihrem Erfindergeist m\u00f6glichst freien Lauf lassen k\u00f6nnen. Das stellt nat\u00fcrlich erh\u00f6hte Anforderungen an die Lehrpersonen.<\/p>\n\n\n\n<p>Auf dieser Site werden nach und nach Projektideen f\u00fcr den Einsatz von Raspberry PI&#8217;s zusammengestellt.<\/p>\n\n\n\n<p>Damit der Einstieg ins <em>Physical Computing<\/em> trotzdem m\u00f6glichst einfach ist, befinden sich weiter unten ein paar Arbeitsbl\u00e4tter f\u00fcr einfache Grundlagenaufgaben.  Der Grundgedanke ist, dass jede Unterrichtseinheit auch von Lehrpersonen mit wenig Erfahrung in \u00ab<em>Physical Computing<\/em>\u00bb eingesetzt werden kann.<\/p>\n\n\n\n<p>Durch unsere Unterrichtseinheiten sollen m\u00f6glichst viele Kompetenzen aus dem Lehrplan 21 abgedeckt werden. <\/p>\n\n\n\n<h2 class=\"wp-block-heading\">Grundlagenaufgaben<\/h2>\n\n\n\n<h3 class=\"wp-block-heading\">Vorarbeiten der Lehrperson<\/h3>\n\n\n\n<ul class=\"wp-block-list\"><li>Vorbereiten des Raspberry Pi gem\u00e4ss den Angaben unter dem Men\u00fcpunkt \u00abInstallation &amp; Konfiguration\u00bb<\/li><li>Es wird empfohlen, die Kamera und den GrovePi+ auf dem Raspberry Pi zu montieren.<\/li><li>Tastatur, Bildschirm und Computermaus vorbereiten und mit dem Rapsberry Pi testen<\/li><li>Die Sensoren und Autoren des GrovePi+ bereitlegen<\/li><\/ul>\n\n\n\n<p>Die Grundlagenaufgaben sind in 5 Arbeitsbl\u00e4tter mit Folgendem Inhalt unterteilt:<\/p>\n\n\n\n<ol class=\"wp-block-list\"><li>Kontaktaufnahme mit dem Raspberry Pi<ul><li>Starten des Raspis<\/li><li>Erstellen von Fotos und Videos mit Hilfe von Kommandos \u00fcber das Terminal (Konsole)<\/li><\/ul><\/li><li>Die ersten Programme<ul><li>Erstellen von Fotos und Videos mit Hilfe von Python-Programmen<\/li><\/ul><\/li><li>Einsatz eines ersten Sensors<ul><li>Fotos und Videos machen, wenn ein Sensor (Knopf) gedr\u00fcckt wird<\/li><\/ul><\/li><li>Verbinden eines Sensor mit Aktoren<ul><li>Verbinden eines Sensors (Knopf) mit einer LED und einem Summer (Buzzer)<\/li><\/ul><\/li><li>Projektplanung f\u00fcr die Sch\u00fclerinnen und Sch\u00fcler<ul><li>Vorbereitung und Planung des eigenen Projektes<\/li><\/ul><\/li><\/ol>\n\n\n\n<p>Damit die Lernenden wissen, wie die einzelnen Sensoren und Aktoren angesteuert werden k\u00f6nnen, steht eine \u00dcbersicht mit Programmierbeispielen f\u00fcr jeden Sensor und Aktor zur Verf\u00fcgung.<\/p>\n\n\n\n<p>Zus\u00e4tzlich zu den 5 Arbeitsbl\u00e4ttern und der \u00dcbersicht mit Programmierbeispielen, steht auch eine Unterrichtsplanung, in welcher Bezug zum Lehrplan 21 genommen wird, zur Verf\u00fcgung.<\/p>\n\n\n\n<div class=\"wp-block-file\"><a id=\"wp-block-file--media-277a5574-7aaa-4cf0-ac81-d8b99535b257\" href=\"https:\/\/raspi-4-edu.ch\/wp-content\/uploads\/2022\/06\/arbeitsmaterial.zip\">Unterrichtsmaterial<\/a><a href=\"https:\/\/raspi-4-edu.ch\/wp-content\/uploads\/2022\/06\/arbeitsmaterial.zip\" class=\"wp-block-file__button\" download aria-describedby=\"wp-block-file--media-277a5574-7aaa-4cf0-ac81-d8b99535b257\">Herunterladen<\/a><\/div>\n\n\n\n<h2 class=\"wp-block-heading\">Wie geht es weiter?<\/h2>\n\n\n\n<p>Nach den Grundaufgaben arbeiten die Sch\u00fclerinnen und Sch\u00fcler selbstst\u00e4ndig an Projekten.<\/p>\n\n\n\n<p>Je nach Informatik-Affinit\u00e4t der Sch\u00fclerinnen und Sch\u00fcler werden sie Projekte mit unterschiedlichem Schwierigkeitsgrad w\u00e4hlen. Wir haben einige Projektideen zusammengestellt und diese nach folgendem Schema in Schwierigkeitsstufen eingeteilt.<\/p>\n\n\n\n<p><strong>Stufe 1:<\/strong>  In diese Stufe teilen wir Projekte ein, in welchen nur Sensoren und  Aktoren verenden, ohne jegliche Weiterverarbeitung von Daten<\/p>\n\n\n\n<p><strong>Stufe 2:<\/strong>  In diese Stufe teilen wir Projekte ein, in  welchen Sensoren und  Aktoren verwendet und die Sensordaten persistent (z. Bsp. in einer Textdatei) gespeichert werden. Das Speichern von Daten in eine Datenbank w\u00e4re ebenfalls m\u00f6glich (hohe Anforderung). Eine einfache Datenbank, bei welche keinerlei  Installation oder Konfiguration n\u00f6tig ist, w\u00e4re SQLite.<\/p>\n\n\n\n<p><strong>Stufe 3:<\/strong>  In diese Stufe teilen wir Projekte ein, in welchen Sensoren und  Aktoren verwendet und Sensordaten an andere Ger\u00e4te weitergeleitet werden. Beispiel daf\u00fcr w\u00e4re die Erzeugung einer Email oder das Erstellen eines Twitter-Feeds. <\/p>\n\n\n\n<p><strong>Stufe 4:<\/strong> In diese Stufe teilen wir Projekte ein, in welchen Sensoren und  Aktoren verwendet und Sensordaten nicht nur persistent gespeichert, sondern auch mit Hilfe des Webservers des Raspberry Pi visualisiert werden.<\/p>\n\n\n\n<h3 class=\"wp-block-heading\">Projektideen<\/h3>\n\n\n\n<figure class=\"wp-block-table is-style-stripes\"><table><thead><tr><th>Projektidee<\/th><th>Ben\u00f6tigte Hardware<\/th><th class=\"has-text-align-center\" data-align=\"center\">Stufe<\/th><\/tr><\/thead><tbody><tr><td>Steuern eines Verbrauchers (z. Bsp. eine Lampe) durch Klatschen in die H\u00e4nde (Klatsch-Schalter).<\/td><td>Sound-Sensor,<br>Relay<\/td><td class=\"has-text-align-center\" data-align=\"center\">1<\/td><\/tr><tr><td>Messen von Feuchtigkeit und Temperatur. LEDs leuchten lassen, wenn ein Schwellwert von Temperatur und \/ oder Feuchtigkeit erreicht wird.<\/td><td>Feuchtigkeits- &amp; Temperatur-Sensor,<br>2 LEDs<\/td><td class=\"has-text-align-center\" data-align=\"center\">1<\/td><\/tr><tr><td>Messen von Feuchtigkeit und Temperatur (eventuell Druck). Die Verl\u00e4ufe der Sensorwerte in eine Textdatei schreiben.<\/td><td>Feuchtigkeits- &amp; Temperatur-Sensor, ev. Barometer (zus\u00e4tzlicher Sensor)<\/td><td class=\"has-text-align-center\" data-align=\"center\">2<\/td><\/tr><tr><td>Messen von Feuchtigkeit und Temperatur (eventuell Druck). Die Verl\u00e4ufe der Sensorwerte in eine Datenbank schreiben.<\/td><td>Feuchtigkeits- &amp; Temperatur-Sensor, ev. Barometer (zus\u00e4tzlicher Sensor)<\/td><td class=\"has-text-align-center\" data-align=\"center\">2+<\/td><\/tr><tr><td>Messen von Feuchtigkeit und Temperatur (eventuell Druck). Die Verl\u00e4ufe der Sensorwerte persistent speichern (Textdatei, Datenbank). Die Sensorwerte auf einer Website auf dem Rapsberry Pi textuell visualisieren.<\/td><td>Feuchtigkeits- &amp; Temperatur-Sensor, ev. Barometer (zus\u00e4tzlicher Sensor)<\/td><td class=\"has-text-align-center\" data-align=\"center\">4<\/td><\/tr><tr><td>Messen von Feuchtigkeit und Temperatur (eventuell Druck). Die Verl\u00e4ufe der Sensorwerte persistent speichern (Textdatei, Datenbank). Die Sensorwerte auf einer Website auf dem Rapsberry Pi grafisch visualisieren.<\/td><td>Feuchtigkeits- &amp; Temperatur-Sensor, ev. Barometer (zus\u00e4tzlicher Sensor)<\/td><td class=\"has-text-align-center\" data-align=\"center\">4+<\/td><\/tr><tr><td>Mamy-Cam, Foto oder Videoaufnahme beim Feststellen einer Bewegung. Das Foto bzw. das Video wird lokal gespeichert.<\/td><td>Kamera, PIR &#8211; Bewegungsmelder (zus\u00e4tzlicher Sensor) alternativ k\u00f6nnte auch der Sound-Sensor eingesetzt werden.<\/td><td class=\"has-text-align-center\" data-align=\"center\">1<\/td><\/tr><tr><td>Mamy-Cam, Foto oder Videoaufnahme beim Feststellen einer Bewegung. Das Foto bzw. das Video wird per Mail verschickt.<\/td><td>Kamera, PIR &#8211; Bewegungsmelder (zus\u00e4tzlicher Sensor), alternativ k\u00f6nnte auch der Sound-Sensor eingesetzt werden.<\/td><td class=\"has-text-align-center\" data-align=\"center\">3<\/td><\/tr><tr><td>Messung der Luftqualit\u00e4t,  anzeigen auf dem LCD-Display.<\/td><td>CO<sub>2<\/sub>-Sensor (zus\u00e4tzlicher Sensor), LCD-Display<\/td><td class=\"has-text-align-center\" data-align=\"center\">(2)<\/td><\/tr><tr><td>Messung der Luftqualit\u00e4t,  Sensordaten persistent speichern.<\/td><td>CO<sub>2<\/sub>-Sensor (zus\u00e4tzlicher Sensor)<\/td><td class=\"has-text-align-center\" data-align=\"center\">2<\/td><\/tr><tr><td>Messung der Luftqualit\u00e4t,  Sensordaten auf einem Twitter-Feed publizieren.<\/td><td>CO<sub>2<\/sub>-Sensor (zus\u00e4tzlicher Sensor)<\/td><td class=\"has-text-align-center\" data-align=\"center\">3<\/td><\/tr><tr><td>Messung der Luftqualit\u00e4t,  Sensordaten auf dem Webserver des Raspberry Pi textuell visualisieren.<\/td><td>CO<sub>2<\/sub>-Sensor (zus\u00e4tzlicher Sensor)<\/td><td class=\"has-text-align-center\" data-align=\"center\">4<\/td><\/tr><tr><td>Messung der Luftqualit\u00e4t,  Sensordaten auf dem Webserver des Raspberry Pi grafisch visualisieren.<\/td><td>CO<sub>2<\/sub>-Sensor (zus\u00e4tzlicher Sensor)<\/td><td class=\"has-text-align-center\" data-align=\"center\">4<\/td><\/tr><\/tbody><\/table><figcaption>Tabelle Projektideen f\u00fcr Physical Computing<\/figcaption><\/figure>\n\n\n\n<h3 class=\"wp-block-heading\">Weitere Quellen f\u00fcr Unterrichtsideen<\/h3>\n\n\n\n<p>Auf folgenden Webseiten k\u00f6nnen weitere Ideen zu Projekten gefunden werden:<\/p>\n\n\n\n<p><a href=\"https:\/\/www.raspberrypi.org\" target=\"_blank\" rel=\"noreferrer noopener\">raspberrypi.org<\/a><\/p>\n\n\n\n<p><a href=\"https:\/\/mareen.grillenberger.ch\/unterrichtsmaterial\" target=\"_blank\" rel=\"noreferrer noopener\">mareen.grillenberger.ch<\/a><\/p>\n","protected":false},"excerpt":{"rendered":"<p>Unsere Literaturrecherche hat gezeigt, dass ein m\u00f6glichst offener, projektorientierter Unterricht die gr\u00f6ssten Chancen hat, bei den Lernenden intrinsische Motivation zu wecken. Die Lernenden sollen ihrer Kreativit\u00e4t und ihrem Erfindergeist m\u00f6glichst freien Lauf lassen k\u00f6nnen. Das stellt nat\u00fcrlich erh\u00f6hte Anforderungen an die Lehrpersonen. Auf dieser Site werden nach und nach Projektideen f\u00fcr den Einsatz von Raspberry &hellip; <\/p>\n<p class=\"link-more\"><a href=\"https:\/\/raspi-4-edu.ch\/?page_id=2\" class=\"more-link\"><span class=\"screen-reader-text\">\u201eUnterricht\u201c <\/span>weiterlesen<\/a><\/p>\n","protected":false},"author":1,"featured_media":0,"parent":0,"menu_order":0,"comment_status":"closed","ping_status":"closed","template":"","meta":{"footnotes":""},"class_list":["post-2","page","type-page","status-publish","hentry"],"_links":{"self":[{"href":"https:\/\/raspi-4-edu.ch\/index.php?rest_route=\/wp\/v2\/pages\/2","targetHints":{"allow":["GET"]}}],"collection":[{"href":"https:\/\/raspi-4-edu.ch\/index.php?rest_route=\/wp\/v2\/pages"}],"about":[{"href":"https:\/\/raspi-4-edu.ch\/index.php?rest_route=\/wp\/v2\/types\/page"}],"author":[{"embeddable":true,"href":"https:\/\/raspi-4-edu.ch\/index.php?rest_route=\/wp\/v2\/users\/1"}],"replies":[{"embeddable":true,"href":"https:\/\/raspi-4-edu.ch\/index.php?rest_route=%2Fwp%2Fv2%2Fcomments&post=2"}],"version-history":[{"count":18,"href":"https:\/\/raspi-4-edu.ch\/index.php?rest_route=\/wp\/v2\/pages\/2\/revisions"}],"predecessor-version":[{"id":209,"href":"https:\/\/raspi-4-edu.ch\/index.php?rest_route=\/wp\/v2\/pages\/2\/revisions\/209"}],"wp:attachment":[{"href":"https:\/\/raspi-4-edu.ch\/index.php?rest_route=%2Fwp%2Fv2%2Fmedia&parent=2"}],"curies":[{"name":"wp","href":"https:\/\/api.w.org\/{rel}","templated":true}]}}